{"id":13,"date":"2024-07-29T22:02:36","date_gmt":"2024-07-29T20:02:36","guid":{"rendered":"https:\/\/www.parroquiasantiago.es\/?page_id=13"},"modified":"2024-07-29T22:47:11","modified_gmt":"2024-07-29T20:47:11","slug":"nuestra-historia","status":"publish","type":"page","link":"https:\/\/www.parroquiasantiago.es\/index.php\/nuestra-historia\/","title":{"rendered":"Una breve historia"},"content":{"rendered":"\n<p>Desde el siglo XVII, con la erecci\u00f3n can\u00f3nica de la Parroquia de Santiago el Mayor en 1692, comienza oficialmente nuestra parroquia a funcionar como auxiliar de la de Santa Mar\u00eda, de Estepa.   Desde entonces nuestra parroquia ha visto como el paso de los a\u00f1os ha ido transform\u00e1ndose Herrera y su gente, y nuestros edificios han ido adapt\u00e1ndose a las nuevas necesidades.<\/p>\n\n\n\n<figure class=\"wp-block-gallery has-nested-images columns-default is-cropped wp-block-gallery-1 is-layout-flex wp-block-gallery-is-layout-flex\">\n<figure class=\"wp-block-image size-medium is-style-default\"><img loading=\"lazy\" decoding=\"async\" width=\"225\" height=\"300\" data-id=\"59\" src=\"https:\/\/www.parroquiasantiago.es\/wp-content\/uploads\/2024\/07\/20240202_101654-225x300.jpg\" alt=\"\" class=\"wp-image-59\" srcset=\"https:\/\/www.parroquiasantiago.es\/wp-content\/uploads\/2024\/07\/20240202_101654-225x300.jpg 225w, https:\/\/www.parroquiasantiago.es\/wp-content\/uploads\/2024\/07\/20240202_101654-768x1024.jpg 768w, https:\/\/www.parroquiasantiago.es\/wp-content\/uploads\/2024\/07\/20240202_101654-1152x1536.jpg 1152w, https:\/\/www.parroquiasantiago.es\/wp-content\/uploads\/2024\/07\/20240202_101654-rotated.jpg 1163w\" sizes=\"auto, (max-width: 225px) 100vw, 225px\" \/><\/figure>\n\n\n\n<figure class=\"wp-block-image size-medium\"><img loading=\"lazy\" decoding=\"async\" width=\"225\" height=\"300\" data-id=\"40\" src=\"https:\/\/www.parroquiasantiago.es\/wp-content\/uploads\/2024\/07\/Lunes_Santo-225x300.jpg\" alt=\"\" class=\"wp-image-40\" srcset=\"https:\/\/www.parroquiasantiago.es\/wp-content\/uploads\/2024\/07\/Lunes_Santo-225x300.jpg 225w, https:\/\/www.parroquiasantiago.es\/wp-content\/uploads\/2024\/07\/Lunes_Santo-768x1024.jpg 768w, https:\/\/www.parroquiasantiago.es\/wp-content\/uploads\/2024\/07\/Lunes_Santo-rotated.jpg 1108w\" sizes=\"auto, (max-width: 225px) 100vw, 225px\" \/><figcaption class=\"wp-element-caption\">Retablo mayor<\/figcaption><\/figure>\n<\/figure>\n\n\n\n<p><\/p>\n","protected":false},"excerpt":{"rendered":"<p>Desde el siglo XVII, con la erecci\u00f3n can\u00f3nica de la Parroquia de Santiago el Mayor en 1692, comienza oficialmente nuestra parroquia a funcionar como auxiliar de la de Santa Mar\u00eda, [&hellip;]<\/p>\n","protected":false},"author":1,"featured_media":59,"parent":0,"menu_order":0,"comment_status":"closed","ping_status":"closed","template":"","meta":{"footnotes":""},"class_list":["post-13","page","type-page","status-publish","has-post-thumbnail","hentry"],"_links":{"self":[{"href":"https:\/\/www.parroquiasantiago.es\/index.php\/wp-json\/wp\/v2\/pages\/13","targetHints":{"allow":["GET"]}}],"collection":[{"href":"https:\/\/www.parroquiasantiago.es\/index.php\/wp-json\/wp\/v2\/pages"}],"about":[{"href":"https:\/\/www.parroquiasantiago.es\/index.php\/wp-json\/wp\/v2\/types\/page"}],"author":[{"embeddable":true,"href":"https:\/\/www.parroquiasantiago.es\/index.php\/wp-json\/wp\/v2\/users\/1"}],"replies":[{"embeddable":true,"href":"https:\/\/www.parroquiasantiago.es\/index.php\/wp-json\/wp\/v2\/comments?post=13"}],"version-history":[{"count":5,"href":"https:\/\/www.parroquiasantiago.es\/index.php\/wp-json\/wp\/v2\/pages\/13\/revisions"}],"predecessor-version":[{"id":66,"href":"https:\/\/www.parroquiasantiago.es\/index.php\/wp-json\/wp\/v2\/pages\/13\/revisions\/66"}],"wp:featuredmedia":[{"embeddable":true,"href":"https:\/\/www.parroquiasantiago.es\/index.php\/wp-json\/wp\/v2\/media\/59"}],"wp:attachment":[{"href":"https:\/\/www.parroquiasantiago.es\/index.php\/wp-json\/wp\/v2\/media?parent=13"}],"curies":[{"name":"wp","href":"https:\/\/api.w.org\/{rel}","templated":true}]}}